{"id":157,"date":"2014-05-01T14:25:22","date_gmt":"2014-05-01T12:25:22","guid":{"rendered":"http:\/\/heyohmann.de\/?page_id=157"},"modified":"2026-04-22T22:47:06","modified_gmt":"2026-04-22T20:47:06","slug":"band-2-2","status":"publish","type":"page","link":"https:\/\/heyohmann.de\/","title":{"rendered":""},"content":{"rendered":"\n<div class=\"wp-block-group alignfull has-accent-4-background-color has-background has-global-padding is-layout-constrained wp-block-group-is-layout-constrained\" style=\"margin-top:0;margin-bottom:0;padding-top:var(--wp--preset--spacing--50);padding-right:var(--wp--preset--spacing--50);padding-bottom:var(--wp--preset--spacing--50);padding-left:var(--wp--preset--spacing--50)\">\n<div class=\"wp-block-columns alignwide is-layout-flex wp-container-core-columns-layout-1 wp-block-columns-is-layout-flex\">\n<div class=\"wp-block-column is-vertically-aligned-stretch is-layout-flow wp-block-column-is-layout-flow\" style=\"flex-basis:50%\">\n<div class=\"wp-block-group is-vertical is-content-justification-stretch is-layout-flex wp-container-core-group-layout-2 wp-block-group-is-layout-flex\" style=\"min-height:100%\">\n<p class=\"has-heading-font-family has-x-large-font-size\" style=\"line-height:1.2\"><strong>Heyohmann&nbsp;ist durchaus w\u00f6rtlich zu verstehen.<\/strong> Als freundliche Stammesbegr\u00fc\u00dfung unter den Musikern dieser Band aus dem Musikerviertel Potsdam. <\/p>\n\n\n\n<div class=\"wp-block-group has-global-padding is-content-justification-left is-layout-constrained wp-container-core-group-layout-1 wp-block-group-is-layout-constrained\">\n<div class=\"wp-block-buttons is-layout-flex wp-block-buttons-is-layout-flex\">\n<div class=\"wp-block-button\"><a class=\"wp-block-button__link has-contrast-background-color has-background wp-element-button\" href=\"https:\/\/www.youtube.com\/@heyohmann886\/videos\" target=\"_blank\" rel=\"noreferrer noopener\">Unsere Musik<\/a><\/div>\n<\/div>\n<\/div>\n<\/div>\n<\/div>\n\n\n\n<div class=\"wp-block-column is-vertically-aligned-top is-layout-flow wp-block-column-is-layout-flow\" style=\"flex-basis:50%\">\n<figure class=\"wp-block-image alignleft size-full is-resized is-style-rounded\"><img loading=\"lazy\" decoding=\"async\" width=\"472\" height=\"1063\" src=\"http:\/\/heyohmann.de\/wp-content\/uploads\/2023\/11\/heyohmann_tiki-02_invert-01.png\" alt=\"\" class=\"wp-image-639\" style=\"aspect-ratio:0.75;object-fit:contain;width:333px;height:auto\" srcset=\"https:\/\/heyohmann.de\/wp-content\/uploads\/2023\/11\/heyohmann_tiki-02_invert-01.png 472w, https:\/\/heyohmann.de\/wp-content\/uploads\/2023\/11\/heyohmann_tiki-02_invert-01-133x300.png 133w, https:\/\/heyohmann.de\/wp-content\/uploads\/2023\/11\/heyohmann_tiki-02_invert-01-455x1024.png 455w\" sizes=\"(max-width: 472px) 100vw, 472px\" \/><\/figure>\n<\/div>\n<\/div>\n<\/div>\n\n\n\n<div class=\"wp-block-group alignfull has-base-background-color has-background has-global-padding is-layout-constrained wp-block-group-is-layout-constrained\" style=\"margin-top:0;margin-bottom:0;padding-top:var(--wp--preset--spacing--50);padding-right:var(--wp--preset--spacing--50);padding-bottom:var(--wp--preset--spacing--50);padding-left:var(--wp--preset--spacing--50)\">\n<div class=\"wp-block-columns alignwide is-layout-flex wp-container-core-columns-layout-3 wp-block-columns-is-layout-flex\">\n<div class=\"wp-block-column has-global-padding is-content-justification-left is-layout-constrained wp-container-core-column-layout-3 wp-block-column-is-layout-constrained\" style=\"flex-basis:40%\">\n<h2 class=\"wp-block-heading has-large-font-size\">Mit Schlagzeug, Gitarre, Fagott, Bass und Tikki spielen sie irgendwas zwischen Chanson, Stra\u00dfenmusik und Ohrwurm.<\/h2>\n<\/div>\n\n\n\n<div class=\"wp-block-column is-layout-flow wp-container-core-column-layout-5 wp-block-column-is-layout-flow\" style=\"flex-basis:60%\">\n<p class=\"has-heading-font-family has-x-large-font-size\" style=\"line-height:1.2\">Eine Auff\u00fchrung in das Ungewisse<\/p>\n\n\n\n<div class=\"wp-block-columns is-layout-flex wp-container-core-columns-layout-2 wp-block-columns-is-layout-flex\">\n<div class=\"wp-block-column is-layout-flow wp-block-column-is-layout-flow\">\n<p class=\"wp-container-content-1\"><strong>An dieser Stelle handelt es sich nicht um das generische Maskulinum, sondern tats\u00e4chlich um M\u00e4nner, die einander \u201eHey! Oh! Mann!\u201c zurufen. <\/strong><\/p>\n\n\n\n<p class=\"has-small-font-size wp-container-content-2\">Doch richten die Heyohm\u00e4nner ihre lapidar-poetischen Texte an alle Heyohmenschen, die Lust haben sich \u201edurch die Luft wirbeln zu lassen\u201c, \u201eihre Innereien neu zu verknoten\u201c und \u201eihren Paradiesvogel zu leben\u201c (Anm.: Zitate aus der Setlist).<\/p>\n<\/div>\n<\/div>\n<\/div>\n<\/div>\n<\/div>\n\n\n\n<hr class=\"wp-block-separator has-alpha-channel-opacity is-style-wide\"\/>\n\n\n\n<div class=\"wp-block-group alignfull is-horizontal is-content-justification-center is-layout-flex wp-container-core-group-layout-5 wp-block-group-is-layout-flex\" style=\"padding-top:var(--wp--preset--spacing--20);padding-right:var(--wp--preset--spacing--20);padding-bottom:var(--wp--preset--spacing--20);padding-left:var(--wp--preset--spacing--20)\">\n<h2 class=\"wp-block-heading alignfull has-text-align-center is-style-default has-base-background-color has-background wp-container-content-3\"><em>Was k\u00f6nnt es f\u00fcr uns besseres geben, wir schauen zur Sonne und sp\u00fcren den Regen<\/em><\/h2>\n<\/div>\n\n\n\n<hr class=\"wp-block-separator has-alpha-channel-opacity is-style-wide\"\/>\n\n\n\n<div class=\"wp-block-group alignfull has-base-background-color has-background has-global-padding is-layout-constrained wp-block-group-is-layout-constrained\" style=\"margin-top:0;margin-bottom:0;padding-top:var(--wp--preset--spacing--50);padding-right:var(--wp--preset--spacing--50);padding-bottom:var(--wp--preset--spacing--50);padding-left:var(--wp--preset--spacing--50)\">\n<div class=\"wp-block-columns alignwide is-layout-flex wp-container-core-columns-layout-4 wp-block-columns-is-layout-flex\">\n<div class=\"wp-block-column is-layout-flow wp-container-core-column-layout-6 wp-block-column-is-layout-flow\" style=\"flex-basis:40%\">\n<h2 class=\"wp-block-heading has-contrast-color has-text-color has-link-color wp-elements-4a75f7790d4f271a88e37fca35a8d31d\">Wie wir machen<\/h2>\n\n\n\n<p>Heyohmann ist Stra\u00dfenmusik, wo wir uns am wohlsten f\u00fchlen, betreten wir gerne auch die Bretter dieser Welt.<\/p>\n\n\n\n<div class=\"wp-block-buttons is-layout-flex wp-block-buttons-is-layout-flex\">\n<div class=\"wp-block-button has-custom-font-size is-style-fill has-medium-font-size\"><a class=\"wp-block-button__link has-accent-4-background-color has-text-color has-background has-link-color wp-element-button\" href=\"https:\/\/open.spotify.com\/artist\/1VumFXvd47UggdWFBzil5u?si=kk_tZIrdQLOSBeOmhugY_A\" style=\"color:#ffffff\" target=\"_blank\" rel=\"noreferrer noopener\">Spotify<\/a><\/div>\n\n\n\n<div class=\"wp-block-button has-custom-font-size is-style-fill has-medium-font-size\"><a class=\"wp-block-button__link has-accent-3-background-color has-text-color has-background has-link-color wp-element-button\" href=\"https:\/\/www.youtube.com\/@heyohmann886\/videos\" style=\"color:#ffffff\" target=\"_blank\" rel=\"noreferrer noopener\">Youtube<\/a><\/div>\n<\/div>\n<\/div>\n\n\n\n<div class=\"wp-block-column is-vertically-aligned-center is-layout-flow wp-block-column-is-layout-flow\" style=\"flex-basis:60%\">\n<figure class=\"wp-block-embed is-type-video is-provider-youtube wp-block-embed-youtube wp-embed-aspect-16-9 wp-has-aspect-ratio\"><div class=\"wp-block-embed__wrapper\">\n<iframe loading=\"lazy\" title=\"Heyohmann - Full Set (Live vom Festival Neue Bahnh\u00f6fe, Neupetershain)\" width=\"500\" height=\"281\" src=\"https:\/\/www.youtube.com\/embed\/jEJyRikw0c0?feature=oembed\" frameborder=\"0\" allow=\"accelerometer; autoplay; clipboard-write; encrypted-media; gyroscope; picture-in-picture; web-share\" referrerpolicy=\"strict-origin-when-cross-origin\" allowfullscreen><\/iframe>\n<\/div><\/figure>\n<\/div>\n<\/div>\n<\/div>\n\n\n\n<div class=\"wp-block-group alignfull has-base-background-color has-background has-global-padding is-layout-constrained wp-block-group-is-layout-constrained\" style=\"margin-top:0;margin-bottom:0;padding-top:var(--wp--preset--spacing--50);padding-right:var(--wp--preset--spacing--50);padding-bottom:var(--wp--preset--spacing--50);padding-left:var(--wp--preset--spacing--50)\">\n<div class=\"wp-block-columns alignwide is-layout-flex wp-container-core-columns-layout-5 wp-block-columns-is-layout-flex\">\n<div class=\"wp-block-column is-layout-flow wp-container-core-column-layout-8 wp-block-column-is-layout-flow\" style=\"flex-basis:40%\">\n<h2 class=\"wp-block-heading has-contrast-color has-text-color has-link-color wp-elements-1136472a1c9558d7766d4e5925b115f6\">Live und in Farbe<\/h2>\n\n\n\n<p>Die Bretter dieser Welt! Oder halt Neu-Fahland. Auf jeden Fall sind wir gerne unterwegs. Hier sind wir als n\u00e4chstes:<\/p>\n\n\n\n<p>04.04 auf dem Feuerwehrfest in Neu-Fahland              25.04. in der alten Garage in Babelsberg<br><strong>21. Juni<\/strong> Fete de la musique im Rechenzentrum<br> <\/p>\n\n\n\n<p>Wir freuen uns \u00fcber alle Menschen und Tiere die mit uns Singen und Tanzen. Darum geht&#8217;s. Alles andere ist nicht so wichtig.<\/p>\n<\/div>\n\n\n\n<div class=\"wp-block-column is-vertically-aligned-center is-layout-flow wp-block-column-is-layout-flow\" style=\"flex-basis:60%\">\n<figure class=\"wp-block-embed is-type-video is-provider-youtube wp-block-embed-youtube wp-embed-aspect-16-9 wp-has-aspect-ratio\"><div class=\"wp-block-embed__wrapper\">\n<iframe loading=\"lazy\" title=\"Heyohmann - De\u0301sole\u0301\" width=\"500\" height=\"281\" src=\"https:\/\/www.youtube.com\/embed\/WFvMqWvYfXE?feature=oembed\" frameborder=\"0\" allow=\"accelerometer; autoplay; clipboard-write; encrypted-media; gyroscope; picture-in-picture; web-share\" referrerpolicy=\"strict-origin-when-cross-origin\" allowfullscreen><\/iframe>\n<\/div><\/figure>\n<\/div>\n<\/div>\n<\/div>\n\n\n\n<hr class=\"wp-block-separator has-alpha-channel-opacity is-style-default\"\/>\n\n\n\n<div class=\"wp-block-group alignfull has-base-background-color has-background has-global-padding is-layout-constrained wp-block-group-is-layout-constrained\" style=\"margin-top:0;margin-bottom:0;padding-top:var(--wp--preset--spacing--50);padding-right:var(--wp--preset--spacing--50);padding-bottom:var(--wp--preset--spacing--50);padding-left:var(--wp--preset--spacing--50)\">\n<div class=\"wp-block-columns alignwide is-layout-flex wp-container-core-columns-layout-6 wp-block-columns-is-layout-flex\">\n<div class=\"wp-block-column is-vertically-aligned-center is-layout-flow wp-block-column-is-layout-flow\" style=\"flex-basis:60%\">\n<figure class=\"wp-block-image size-full is-style-rounded wp-duotone-unset-4\"><img loading=\"lazy\" decoding=\"async\" width=\"2560\" height=\"1276\" src=\"http:\/\/heyohmann.de\/wp-content\/uploads\/2023\/01\/band_banner-scaled.jpg\" alt=\"\" class=\"wp-image-594\" style=\"aspect-ratio:16\/9;object-fit:cover\" srcset=\"https:\/\/heyohmann.de\/wp-content\/uploads\/2023\/01\/band_banner-scaled.jpg 2560w, https:\/\/heyohmann.de\/wp-content\/uploads\/2023\/01\/band_banner-300x149.jpg 300w, https:\/\/heyohmann.de\/wp-content\/uploads\/2023\/01\/band_banner-1024x510.jpg 1024w, https:\/\/heyohmann.de\/wp-content\/uploads\/2023\/01\/band_banner-768x383.jpg 768w, https:\/\/heyohmann.de\/wp-content\/uploads\/2023\/01\/band_banner-1536x765.jpg 1536w, https:\/\/heyohmann.de\/wp-content\/uploads\/2023\/01\/band_banner-2048x1021.jpg 2048w\" sizes=\"(max-width: 2560px) 100vw, 2560px\" \/><\/figure>\n<\/div>\n\n\n\n<div class=\"wp-block-column is-layout-flow wp-block-column-is-layout-flow\" style=\"flex-basis:40%\">\n<h2 class=\"wp-block-heading has-contrast-color has-text-color has-link-color wp-elements-5b24a2a823b1c00839c9e659efecf813\">Wer wir sind<\/h2>\n\n\n\n<p>Zupfinstrumente:&nbsp;<strong>Micha Bormann<\/strong><\/p>\n\n\n\n<p>Percussion\/Gesang:&nbsp;<strong>Kai Behrendt<\/strong><\/p>\n\n\n\n<p>Schlagzeug:<strong>&nbsp;Sebastian Anders<\/strong><\/p>\n\n\n\n<p>Gesang\/Fagott\/Gitarre:&nbsp;<strong>Julius Burger<\/strong><\/p>\n\n\n\n<p>Kontrabass:&nbsp;<strong>Steffen Heinze<\/strong><\/p>\n<\/div>\n<\/div>\n<\/div>\n\n\n\n<hr class=\"wp-block-separator has-alpha-channel-opacity is-style-default\"\/>\n\n\n\n<div class=\"wp-block-group alignfull has-base-background-color has-background has-large-font-size has-global-padding is-layout-constrained wp-block-group-is-layout-constrained\" style=\"margin-top:0;margin-bottom:0;padding-top:var(--wp--preset--spacing--50);padding-right:var(--wp--preset--spacing--50);padding-bottom:var(--wp--preset--spacing--50);padding-left:var(--wp--preset--spacing--50)\">\n<div class=\"wp-block-columns alignfull are-vertically-aligned-top is-layout-flex wp-container-core-columns-layout-8 wp-block-columns-is-layout-flex\">\n<div class=\"wp-block-column is-vertically-aligned-top is-layout-flow wp-container-core-column-layout-15 wp-block-column-is-layout-flow\" style=\"flex-basis:33.34%\">\n<p class=\"has-text-align-center has-heading-font-family has-large-font-size\" style=\"line-height:1.2\"><\/p>\n\n\n\n<div class=\"wp-block-columns is-layout-flex wp-container-core-columns-layout-7 wp-block-columns-is-layout-flex\">\n<div class=\"wp-block-column is-layout-flow wp-block-column-is-layout-flow\"><\/div>\n\n\n\n<div class=\"wp-block-column is-layout-flow wp-block-column-is-layout-flow\"><\/div>\n\n\n\n<div class=\"wp-block-column is-layout-flow wp-block-column-is-layout-flow\"><\/div>\n<\/div>\n<\/div>\n\n\n\n<div class=\"wp-block-column is-layout-flow wp-block-column-is-layout-flow\" style=\"flex-basis:33.34%\">\n<p class=\"has-text-align-center has-contrast-color has-text-color has-link-color has-heading-font-family has-x-large-font-size wp-elements-7f4ce998735dd96860c853557e83662f\">Sag einfach Hey<\/p>\n\n\n\n<p class=\"has-text-align-center has-medium-font-size\"><a href=\"mailto: heyohmann@gmx.de\">Heyohmail<\/a><\/p>\n<\/div>\n\n\n\n<div class=\"wp-block-column is-layout-flow wp-block-column-is-layout-flow\" style=\"flex-basis:33.33%\"><\/div>\n<\/div>\n<\/div>\n","protected":false},"excerpt":{"rendered":"<p>Heyohmann&nbsp;ist durchaus w\u00f6rtlich zu verstehen. Als freundliche Stammesbegr\u00fc\u00dfung unter den Musikern dieser Band aus dem Musikerviertel Potsdam. Mit Schlagzeug, Gitarre, Fagott, Bass und Tikki spielen sie irgendwas zwischen Chanson, Stra\u00dfenmusik und Ohrwurm. Eine Auff\u00fchrung in das Ungewisse An dieser Stelle handelt es sich nicht um das generische Maskulinum, sondern tats\u00e4chlich um M\u00e4nner, die einander \u201eHey! [&hellip;]<\/p>\n","protected":false},"author":2,"featured_media":0,"parent":0,"menu_order":2,"comment_status":"closed","ping_status":"open","template":"","meta":{"footnotes":""},"_links":{"self":[{"href":"https:\/\/heyohmann.de\/index.php?rest_route=\/wp\/v2\/pages\/157"}],"collection":[{"href":"https:\/\/heyohmann.de\/index.php?rest_route=\/wp\/v2\/pages"}],"about":[{"href":"https:\/\/heyohmann.de\/index.php?rest_route=\/wp\/v2\/types\/page"}],"author":[{"embeddable":true,"href":"https:\/\/heyohmann.de\/index.php?rest_route=\/wp\/v2\/users\/2"}],"replies":[{"embeddable":true,"href":"https:\/\/heyohmann.de\/index.php?rest_route=%2Fwp%2Fv2%2Fcomments&post=157"}],"version-history":[{"count":50,"href":"https:\/\/heyohmann.de\/index.php?rest_route=\/wp\/v2\/pages\/157\/revisions"}],"predecessor-version":[{"id":706,"href":"https:\/\/heyohmann.de\/index.php?rest_route=\/wp\/v2\/pages\/157\/revisions\/706"}],"wp:attachment":[{"href":"https:\/\/heyohmann.de\/index.php?rest_route=%2Fwp%2Fv2%2Fmedia&parent=157"}],"curies":[{"name":"wp","href":"https:\/\/api.w.org\/{rel}","templated":true}]}}